{"id":100,"date":"2016-02-27T18:57:48","date_gmt":"2016-02-27T17:57:48","guid":{"rendered":"http:\/\/www.duecelli.com\/8celli\/?page_id=100"},"modified":"2017-12-13T11:24:10","modified_gmt":"2017-12-13T10:24:10","slug":"felix-brade-weinstadt","status":"publish","type":"page","link":"https:\/\/www.duecelli.com\/8celli\/felix-brade-weinstadt\/","title":{"rendered":"Felix Brade, Weinstadt"},"content":{"rendered":"<p><img loading=\"lazy\" decoding=\"async\" class=\"alignnone size-medium wp-image-47\" src=\"http:\/\/www.duecelli.com\/8celli\/wp-content\/uploads\/2016\/02\/5DM32147-SW-300x200.jpg\" alt=\"Brade\" width=\"300\" height=\"200\" \/><\/p>\n<p>&nbsp;<\/p>\n<p>Felix Brade wurde in Stuttgart geboren. Er war Mitglied des Bundesjugendorchesters und wirkte nach dem Studium an den Musikhoschschulen in Trossingen und Frankfurt\/Main als Cellist bei den Stuttgarter Philharmonikern und dem Orchester des Palladium Theaters Stuttgart mit. Konzertreisen f\u00fchrten ihn nach Italien, Frankreich und Osteuropa.<\/p>\n<p>Als Solist war er unter anderem mit der S\u00fcdwestdeutschen Philharmonie Konstanz zu h\u00f6ren.<\/p>\n<p>Er geht einer regen Kammermusikt\u00e4tigkeit im Klaviertrio und Streichquartett nach und konzertiert regelm\u00e4\u00dfig mit dem Duo Cuatro y Seis in der Besetzung Cello und Gitarre.<\/p>\n","protected":false},"excerpt":{"rendered":"<p>&nbsp; Felix Brade wurde in Stuttgart geboren. Er war Mitglied des Bundesjugendorchesters und wirkte nach dem Studium an den Musikhoschschulen in Trossingen und Frankfurt\/Main als Cellist bei den Stuttgarter Philharmonikern und dem Orchester des Palladium Theaters Stuttgart mit. Konzertreisen f\u00fchrten ihn nach Italien, Frankreich und Osteuropa. Als Solist war er unter anderem mit der S\u00fcdwestdeutschen [&hellip;]<\/p>\n","protected":false},"author":1,"featured_media":0,"parent":0,"menu_order":0,"comment_status":"closed","ping_status":"closed","template":"","meta":{"footnotes":""},"class_list":["post-100","page","type-page","status-publish","czr-hentry"],"_links":{"self":[{"href":"https:\/\/www.duecelli.com\/8celli\/wp-json\/wp\/v2\/pages\/100","targetHints":{"allow":["GET"]}}],"collection":[{"href":"https:\/\/www.duecelli.com\/8celli\/wp-json\/wp\/v2\/pages"}],"about":[{"href":"https:\/\/www.duecelli.com\/8celli\/wp-json\/wp\/v2\/types\/page"}],"author":[{"embeddable":true,"href":"https:\/\/www.duecelli.com\/8celli\/wp-json\/wp\/v2\/users\/1"}],"replies":[{"embeddable":true,"href":"https:\/\/www.duecelli.com\/8celli\/wp-json\/wp\/v2\/comments?post=100"}],"version-history":[{"count":1,"href":"https:\/\/www.duecelli.com\/8celli\/wp-json\/wp\/v2\/pages\/100\/revisions"}],"predecessor-version":[{"id":102,"href":"https:\/\/www.duecelli.com\/8celli\/wp-json\/wp\/v2\/pages\/100\/revisions\/102"}],"wp:attachment":[{"href":"https:\/\/www.duecelli.com\/8celli\/wp-json\/wp\/v2\/media?parent=100"}],"curies":[{"name":"wp","href":"https:\/\/api.w.org\/{rel}","templated":true}]}}