{"id":118,"date":"2016-03-12T21:09:46","date_gmt":"2016-03-12T20:09:46","guid":{"rendered":"http:\/\/www.duecelli.com\/8celli\/?page_id=118"},"modified":"2022-03-06T17:45:58","modified_gmt":"2022-03-06T16:45:58","slug":"shih-yu-gina-yu-stuttgart-taoyuen-taiwan","status":"publish","type":"page","link":"https:\/\/www.duecelli.com\/8celli\/shih-yu-gina-yu-stuttgart-taoyuen-taiwan\/","title":{"rendered":"Shihyu Yu-Holz, Stuttgart \/ Taoyuen, Taiwan"},"content":{"rendered":"<p><img loading=\"lazy\" decoding=\"async\" class=\"alignnone size-medium wp-image-119\" src=\"http:\/\/www.duecelli.com\/8celli\/wp-content\/uploads\/2016\/03\/12835020_10208346457446461_1417891385_n-300x200.jpg\" alt=\"Shih-Yu Yu\" width=\"300\" height=\"200\"><\/p>\n<div>\n<blockquote>\n<div>\n<div>\n<div><span class=\"s1\">Shihyu Yu-Holz <\/span><span class=\"s1\">machte bereits in jungen Jahren in Taiwan durch wiederholte Wettbewerbserfolge auf sich aufmerksam. Sie setzte ihre musikalische Ausbildung bei Prof. Wolfgang B\u00f6ttcher an der Universit\u00e4t der K\u00fcnste Berlin fort, bevor sie an die Musikhochschule Stuttgart wechselte. Als Stipendiatin des DAAD erhielt sie im Rahmen ihres Solistenklassenstudiums wesentliche musikalische Impulse von Prof. Rudolf Glei\u00dfner. In Stuttgart studierte sie anschlie\u00dfend noch&nbsp;Kammermusik beim Melos Quartet. Besonders pr\u00e4gend waren die k\u00fcnstlerischen Impulse von dessen Cellisten, Professor Peter Buck.&nbsp;<\/span><\/div>\n<div><span class=\"s1\">Als leidenschaftliche Kammermusikerin tritt Shihyu h\u00e4ufig im In- und Ausland auf. Im Jahr 2011 ist sie Mitbegr\u00fcnderin und seitdem auch <\/span><span class=\"s1\">Cellistin des Jade Quartetts Stuttgart.&nbsp;<\/span><\/div>\n<div><span class=\"s1\">Ein erster H\u00f6hepunkt der gemeinsamen Karriere war der Gewinn des 1. Preises beim Deutschen Hochschulwettbewerb 2004. Ein Jahr sp\u00e4ter erspielte sich das Ensemble den 3. Preis beim 5th Osaka International Chamber Music Competition. Damit verbunden war die Ehrung der vier Mitglieder des Ensembles als \u201eMusiker des Jahres 2005\u201c im Bereich Streichquartett. Im Mai 2007 errangen sie den 1. Preis beim internationalen Interpretationswettbewerb f\u00fcr zeitgen\u00f6ssische Streichquartette \u201eKlangbr\u00fccke\u201c in M\u00fcnchen. Dar\u00fcber hinaus wurde dem Jade Quartett der Iris-Marquart-Preis verliehen und es erhielt Stipendien der Stiftung Villa Musica und der Karl-Klingler-Stiftung.<\/span><\/div>\n<div><span class=\"s1\">2008-2014 arbeitete Shihyu Yu-Holz als freie Lehrkraft an der Musikschule Filderstadt. Zur Zeit ist sie auch Mitglied des Waldenstein-Klaviertrios, des Fioretti Fl\u00f6ten-Quartetts, des Ensemble 8 Celli Stuttgart und spielt als Aushilfe bei der Stage Apollo sowie Paladium Theater Stuttgart.<\/span><\/div>\n<div><span class=\"s1\">Als Dozentin bei Meisterkursen f\u00fcr Streichquartette und Kammermusik ist sie ebenfalls sehr gefragt .<\/span><\/div>\n<\/div>\n<\/div>\n<\/blockquote>\n<\/div>\n<div><a href=\"http:\/\/www.jadequartett.de\/\" target=\"_blank\" rel=\"noopener noreferrer\">www.jadequartett.de<\/a><\/div>\n","protected":false},"excerpt":{"rendered":"<p>Shihyu Yu-Holz machte bereits in jungen Jahren in Taiwan durch wiederholte Wettbewerbserfolge auf sich aufmerksam. Sie setzte ihre musikalische Ausbildung bei Prof. Wolfgang B\u00f6ttcher an der Universit\u00e4t der K\u00fcnste Berlin fort, bevor sie an die Musikhochschule Stuttgart wechselte. Als Stipendiatin des DAAD erhielt sie im Rahmen ihres Solistenklassenstudiums wesentliche musikalische Impulse von Prof. Rudolf Glei\u00dfner. [&hellip;]<\/p>\n","protected":false},"author":1,"featured_media":0,"parent":0,"menu_order":0,"comment_status":"closed","ping_status":"closed","template":"","meta":{"footnotes":""},"class_list":["post-118","page","type-page","status-publish","czr-hentry"],"_links":{"self":[{"href":"https:\/\/www.duecelli.com\/8celli\/wp-json\/wp\/v2\/pages\/118","targetHints":{"allow":["GET"]}}],"collection":[{"href":"https:\/\/www.duecelli.com\/8celli\/wp-json\/wp\/v2\/pages"}],"about":[{"href":"https:\/\/www.duecelli.com\/8celli\/wp-json\/wp\/v2\/types\/page"}],"author":[{"embeddable":true,"href":"https:\/\/www.duecelli.com\/8celli\/wp-json\/wp\/v2\/users\/1"}],"replies":[{"embeddable":true,"href":"https:\/\/www.duecelli.com\/8celli\/wp-json\/wp\/v2\/comments?post=118"}],"version-history":[{"count":8,"href":"https:\/\/www.duecelli.com\/8celli\/wp-json\/wp\/v2\/pages\/118\/revisions"}],"predecessor-version":[{"id":396,"href":"https:\/\/www.duecelli.com\/8celli\/wp-json\/wp\/v2\/pages\/118\/revisions\/396"}],"wp:attachment":[{"href":"https:\/\/www.duecelli.com\/8celli\/wp-json\/wp\/v2\/media?parent=118"}],"curies":[{"name":"wp","href":"https:\/\/api.w.org\/{rel}","templated":true}]}}