{"id":26,"date":"2016-02-23T23:36:12","date_gmt":"2016-02-23T22:36:12","guid":{"rendered":"http:\/\/www.duecelli.com\/8celli\/?page_id=26"},"modified":"2022-01-16T19:14:24","modified_gmt":"2022-01-16T18:14:24","slug":"ueber-die-8celli","status":"publish","type":"page","link":"https:\/\/www.duecelli.com\/8celli\/ueber-die-8celli\/","title":{"rendered":"\u00dcber die 8Celli"},"content":{"rendered":"<p><strong>Das Ensemble <em>8Celli <\/em>wurde 2016 gegr\u00fcndet und setzt sich aus internationalen Cellisten von renommierten Orchestern und Ensembles zusammen.<\/strong><\/p>\n<p>Die Mitglieder des <em>Ensembles 8Celli <\/em>verbindet die Liebe zum Cello, zu seinen technischen M\u00f6glichkeiten und seinem unverwechselbaren Klang.<br>Jedes Mitglied bringt seine langj\u00e4hrigen Erfahrungen im Orchester- und Ensemblespiel, der kammermusikalischen und solistischen T\u00e4tigkeiten in das <em>Ensemble 8Celli <\/em>hinein.<\/p>\n<p>Carlos Nozzi, der ehemalige Solocellisten der Philharmoniker Buenos Aires, pr\u00e4gte die Anfangsjahre des <em>Ensembles 8Celli<\/em>. Seine Arrangements, speziell f\u00fcr 8Celli geschrieben, verbreiten durch Klang und Rhythmus Charme und Verf\u00fchrung. In kurzweiligen Konzertprogrammen erwarten Sie Werke verschiedener Stilrichtungen von Lateinamerika bis Europa. Im Repertoire des Ensembles findet sich aber auch Originalliteratur f\u00fcr diese Besetzung, wie z. B. Heitor Villa-Lobos.<\/p>\n<p>Das Ohr wird verw\u00f6hnt durch den kammermusikalischen Zusammenklang der Instrumente, durch orchestrale Momente, virtuose Passagen und sinnliche Kantilenen.<\/p>\n<p>Wir freuen uns, Sie bald in unseren Konzerten begr\u00fc\u00dfen zu k\u00f6nnen.<\/p>\n<figure class=\"wp-block-embed wp-block-embed-youtube is-type-video is-provider-youtube epyt-figure\"><div class=\"wp-block-embed__wrapper\"><iframe loading=\"lazy\"  id=\"_ytid_85253\"  width=\"1140\" height=\"641\"  data-origwidth=\"1140\" data-origheight=\"641\" src=\"https:\/\/www.youtube.com\/embed\/FeVQEv2boGA?enablejsapi=1&autoplay=0&cc_load_policy=0&cc_lang_pref=&iv_load_policy=1&loop=0&rel=0&fs=1&playsinline=0&autohide=2&theme=dark&color=red&controls=1&disablekb=0&\" class=\"__youtube_prefs__  no-lazyload\" title=\"YouTube player\"  allow=\"fullscreen; accelerometer; autoplay; clipboard-write; encrypted-media; gyroscope; picture-in-picture; web-share\" referrerpolicy=\"strict-origin-when-cross-origin\" allowfullscreen data-no-lazy=\"1\" data-skipgform_ajax_framebjll=\"\"><\/iframe><\/div><\/figure>\n<p><\/p>\n\n\n<p><a href=\"https:\/\/www.duecelli.com\/8celli\/carlos-nozzi-buenos-aires\/\"><img loading=\"lazy\" decoding=\"async\" width=\"250\" height=\"167\" class=\"wp-image-68\" style=\"width: 250px;\" src=\"https:\/\/www.duecelli.com\/8celli\/wp-content\/uploads\/2016\/02\/5DM32234-SW.jpg\" alt=\"\" srcset=\"https:\/\/www.duecelli.com\/8celli\/wp-content\/uploads\/2016\/02\/5DM32234-SW.jpg 5760w, https:\/\/www.duecelli.com\/8celli\/wp-content\/uploads\/2016\/02\/5DM32234-SW-300x200.jpg 300w, https:\/\/www.duecelli.com\/8celli\/wp-content\/uploads\/2016\/02\/5DM32234-SW-768x512.jpg 768w, https:\/\/www.duecelli.com\/8celli\/wp-content\/uploads\/2016\/02\/5DM32234-SW-1024x683.jpg 1024w\" sizes=\"auto, (max-width: 250px) 100vw, 250px\" \/><\/a> <\/p>\n\n\n\n<p>Mentor und Mitbegr\u00fcnder Carlos Nozzi, Argentinien<\/p>\n","protected":false},"excerpt":{"rendered":"<p>Das Ensemble 8Celli wurde 2016 gegr\u00fcndet und setzt sich aus internationalen Cellisten von renommierten Orchestern und Ensembles zusammen. Die Mitglieder des Ensembles 8Celli verbindet die Liebe zum Cello, zu seinen technischen M\u00f6glichkeiten und seinem unverwechselbaren Klang.Jedes Mitglied bringt seine langj\u00e4hrigen Erfahrungen im Orchester- und Ensemblespiel, der kammermusikalischen und solistischen T\u00e4tigkeiten in das Ensemble 8Celli hinein. [&hellip;]<\/p>\n","protected":false},"author":1,"featured_media":4,"parent":0,"menu_order":0,"comment_status":"closed","ping_status":"closed","template":"","meta":{"footnotes":""},"class_list":["post-26","page","type-page","status-publish","has-post-thumbnail","czr-hentry"],"_links":{"self":[{"href":"https:\/\/www.duecelli.com\/8celli\/wp-json\/wp\/v2\/pages\/26","targetHints":{"allow":["GET"]}}],"collection":[{"href":"https:\/\/www.duecelli.com\/8celli\/wp-json\/wp\/v2\/pages"}],"about":[{"href":"https:\/\/www.duecelli.com\/8celli\/wp-json\/wp\/v2\/types\/page"}],"author":[{"embeddable":true,"href":"https:\/\/www.duecelli.com\/8celli\/wp-json\/wp\/v2\/users\/1"}],"replies":[{"embeddable":true,"href":"https:\/\/www.duecelli.com\/8celli\/wp-json\/wp\/v2\/comments?post=26"}],"version-history":[{"count":14,"href":"https:\/\/www.duecelli.com\/8celli\/wp-json\/wp\/v2\/pages\/26\/revisions"}],"predecessor-version":[{"id":367,"href":"https:\/\/www.duecelli.com\/8celli\/wp-json\/wp\/v2\/pages\/26\/revisions\/367"}],"wp:featuredmedia":[{"embeddable":true,"href":"https:\/\/www.duecelli.com\/8celli\/wp-json\/wp\/v2\/media\/4"}],"wp:attachment":[{"href":"https:\/\/www.duecelli.com\/8celli\/wp-json\/wp\/v2\/media?parent=26"}],"curies":[{"name":"wp","href":"https:\/\/api.w.org\/{rel}","templated":true}]}}