{"id":97,"date":"2016-02-27T18:56:42","date_gmt":"2016-02-27T17:56:42","guid":{"rendered":"http:\/\/www.duecelli.com\/8celli\/?page_id=97"},"modified":"2016-02-27T18:56:42","modified_gmt":"2016-02-27T17:56:42","slug":"gregor-pfisterer-tuebingen","status":"publish","type":"page","link":"https:\/\/www.duecelli.com\/8celli\/gregor-pfisterer-tuebingen\/","title":{"rendered":"Gregor Pfisterer, T\u00fcbingen"},"content":{"rendered":"<p><img loading=\"lazy\" decoding=\"async\" class=\"alignnone size-medium wp-image-48\" src=\"http:\/\/www.duecelli.com\/8celli\/wp-content\/uploads\/2016\/02\/5DM32150-SW-300x200.jpg\" alt=\"5DM32150-SW\" width=\"300\" height=\"200\" \/><\/p>\n<p>&nbsp;<\/p>\n<p>Gregor Pfisterer erhielt seinen ersten Cellounterricht bei Klaus-Peter Hahn an der T\u00fcbingerMusikschule und setzte seine Studien sp\u00e4ter bei Prof. Rudolf Gleissner an der Stuttgarter Musikhochschule sowie bei Prof. Young Chang Cho an der Folkwangschule Essen fort.<br \/>\nOrchesterpraxis sammelte er als Aushilfe im Radiosinfonieorchester Stuttgart sowie w\u00e4hrend seiner dreij\u00e4hrigen T\u00e4tigkeit im Philharmonischen Orchester Hagen.Neben gelegentlichen solistischen Auftritten liegt ein Schwerpunkt auf der Kammermusik;Vor allem in Zusammenarbeit mit der T\u00fcbinger Geigerin Julia Galic (u.a. im \u201eEnsemble Transcendent\u201c) sind viele Konzertauftritte sowie Rundfunkaufnahmen mit dem SWR entstanden.Seit 2003 unterrichtet Gregor Pfisterer Violoncello und Kammermusik an der T\u00fcbinger Musikschule.<\/p>\n","protected":false},"excerpt":{"rendered":"<p>&nbsp; Gregor Pfisterer erhielt seinen ersten Cellounterricht bei Klaus-Peter Hahn an der T\u00fcbingerMusikschule und setzte seine Studien sp\u00e4ter bei Prof. Rudolf Gleissner an der Stuttgarter Musikhochschule sowie bei Prof. Young Chang Cho an der Folkwangschule Essen fort. Orchesterpraxis sammelte er als Aushilfe im Radiosinfonieorchester Stuttgart sowie w\u00e4hrend seiner dreij\u00e4hrigen T\u00e4tigkeit im Philharmonischen Orchester Hagen.Neben gelegentlichen [&hellip;]<\/p>\n","protected":false},"author":1,"featured_media":0,"parent":0,"menu_order":0,"comment_status":"closed","ping_status":"closed","template":"","meta":{"footnotes":""},"class_list":["post-97","page","type-page","status-publish","czr-hentry"],"_links":{"self":[{"href":"https:\/\/www.duecelli.com\/8celli\/wp-json\/wp\/v2\/pages\/97","targetHints":{"allow":["GET"]}}],"collection":[{"href":"https:\/\/www.duecelli.com\/8celli\/wp-json\/wp\/v2\/pages"}],"about":[{"href":"https:\/\/www.duecelli.com\/8celli\/wp-json\/wp\/v2\/types\/page"}],"author":[{"embeddable":true,"href":"https:\/\/www.duecelli.com\/8celli\/wp-json\/wp\/v2\/users\/1"}],"replies":[{"embeddable":true,"href":"https:\/\/www.duecelli.com\/8celli\/wp-json\/wp\/v2\/comments?post=97"}],"version-history":[{"count":1,"href":"https:\/\/www.duecelli.com\/8celli\/wp-json\/wp\/v2\/pages\/97\/revisions"}],"predecessor-version":[{"id":99,"href":"https:\/\/www.duecelli.com\/8celli\/wp-json\/wp\/v2\/pages\/97\/revisions\/99"}],"wp:attachment":[{"href":"https:\/\/www.duecelli.com\/8celli\/wp-json\/wp\/v2\/media?parent=97"}],"curies":[{"name":"wp","href":"https:\/\/api.w.org\/{rel}","templated":true}]}}